{"id":9,"date":"2020-05-30T16:00:11","date_gmt":"2020-05-30T16:00:11","guid":{"rendered":"https:\/\/dermatologosenmerida.com\/?page_id=9"},"modified":"2024-04-04T19:10:56","modified_gmt":"2024-04-04T19:10:56","slug":"inicio","status":"publish","type":"page","link":"https:\/\/dermatologosenmerida.com\/","title":{"rendered":"Inicio"},"content":{"rendered":"<p>[et_pb_section fb_built=\u00bb1&#8243; make_equal=\u00bbon\u00bb use_custom_gutter=\u00bbon\u00bb gutter_width=\u00bb1&#8243; specialty=\u00bbon\u00bb next_background_color=\u00bb#000000&#8243; bg_img_1=\u00bbhttps:\/\/dermatologosenmerida.com\/wp-content\/uploads\/2020\/06\/dermatologa213.png\u00bb background_size_1=\u00bbcover\u00bb admin_label=\u00bbHero\u00bb _builder_version=\u00bb4.16&#8243; inner_width=\u00bb100%\u00bb inner_max_width=\u00bb100%\u00bb custom_padding=\u00bb0px||0px||false\u00bb bottom_divider_style=\u00bbslant\u00bb bottom_divider_flip=\u00bbhorizontal\u00bb bottom_divider_arrangement=\u00bbabove_content\u00bb use_custom_width=\u00bbon\u00bb width_unit=\u00bboff\u00bb custom_width_percent=\u00bb100%\u00bb locked=\u00bboff\u00bb global_colors_info=\u00bb{}\u00bb][et_pb_column type=\u00bb1_2&#8243; _builder_version=\u00bb4.16&#8243; custom_padding=\u00bb|||\u00bb global_colors_info=\u00bb{}\u00bb custom_padding__hover=\u00bb|||\u00bb][et_pb_divider show_divider=\u00bboff\u00bb _builder_version=\u00bb4.16&#8243; height=\u00bb300px\u00bb global_colors_info=\u00bb{}\u00bb][\/et_pb_divider][\/et_pb_column][et_pb_column type=\u00bb1_2&#8243; specialty_columns=\u00bb2&#8243; _builder_version=\u00bb4.16&#8243; custom_padding=\u00bb|||\u00bb global_colors_info=\u00bb{}\u00bb custom_padding__hover=\u00bb|||\u00bb][et_pb_row_inner admin_label=\u00bbText\u00bb _builder_version=\u00bb4.16&#8243; custom_padding=\u00bb|6%||6%||true\u00bb locked=\u00bboff\u00bb global_colors_info=\u00bb{}\u00bb][et_pb_column_inner saved_specialty_column_type=\u00bb1_2&#8243; _builder_version=\u00bb4.16&#8243; custom_padding=\u00bb|||\u00bb global_colors_info=\u00bb{}\u00bb custom_padding__hover=\u00bb|||\u00bb][et_pb_text _builder_version=\u00bb4.16&#8243; text_font=\u00bbLato||||||||\u00bb text_line_height=\u00bb1.8em\u00bb header_font=\u00bb|700|||||||\u00bb header_font_size=\u00bb46px\u00bb header_line_height=\u00bb1.3em\u00bb header_2_font=\u00bb||||||||\u00bb max_width=\u00bb600px\u00bb module_alignment=\u00bbleft\u00bb custom_margin=\u00bb30px||30px||true|false\u00bb custom_margin_last_edited=\u00bboff|desktop\u00bb custom_padding=\u00bb|||\u00bb custom_padding_tablet=\u00bb|0vw||0vw||true\u00bb custom_padding_phone=\u00bb|||||false\u00bb custom_padding_last_edited=\u00bboff|desktop\u00bb animation_style=\u00bbslide\u00bb animation_direction=\u00bbbottom\u00bb animation_intensity_slide=\u00bb5%\u00bb header_font_size_tablet=\u00bb36px\u00bb header_font_size_phone=\u00bb\u00bb header_font_size_last_edited=\u00bbon|phone\u00bb locked=\u00bboff\u00bb global_colors_info=\u00bb{}\u00bb]<\/p>\n<h1>Dra. Lourdes Espinosa Alonzo Romero<\/h1>\n<p>[\/et_pb_text][et_pb_text admin_label=\u00bbTitle\u00bb _builder_version=\u00bb4.16&#8243; text_font=\u00bb|900|||||||\u00bb header_font=\u00bb||||||||\u00bb header_2_font=\u00bbLato|900||on|||||\u00bb header_2_text_color=\u00bb#aeb8b8&#8243; header_2_letter_spacing=\u00bb4px\u00bb header_2_line_height=\u00bb1.2em\u00bb header_6_font=\u00bbLato|700|||||||\u00bb header_6_text_color=\u00bb#737a7a\u00bb header_6_font_size=\u00bb18px\u00bb header_6_letter_spacing=\u00bb1px\u00bb header_6_line_height=\u00bb1.8em\u00bb max_width=\u00bb600px\u00bb module_alignment=\u00bbleft\u00bb custom_margin=\u00bb30px||30px||true|false\u00bb custom_padding=\u00bb|||\u00bb custom_padding_tablet=\u00bb|0vw||0vw||true\u00bb custom_padding_phone=\u00bb|||||false\u00bb custom_padding_last_edited=\u00bboff|desktop\u00bb animation_style=\u00bbslide\u00bb animation_direction=\u00bbbottom\u00bb animation_intensity_slide=\u00bb5%\u00bb locked=\u00bboff\u00bb global_colors_info=\u00bb{}\u00bb]<\/p>\n<h2>Dermatolog\u00eda cl\u00ednica<\/h2>\n<h6><\/h6>\n<p>[\/et_pb_text][et_pb_text _builder_version=\u00bb4.24.0&#8243; locked=\u00bboff\u00bb global_colors_info=\u00bb{}\u00bb]<\/p>\n<h2>Cofepris: <strong>431012002A00019<\/strong><\/h2>\n<p>[\/et_pb_text][\/et_pb_column_inner][\/et_pb_row_inner][et_pb_row_inner column_structure=\u00bb1_2,1_2&#8243; make_equal=\u00bbon\u00bb padding_left_right_link_1=\u00bbtrue\u00bb padding_left_right_link_2=\u00bbtrue\u00bb admin_label=\u00bbText\u00bb _builder_version=\u00bb4.16&#8243; custom_padding=\u00bb0px||0px||true\u00bb global_colors_info=\u00bb{}\u00bb][et_pb_column_inner type=\u00bb1_2&#8243; saved_specialty_column_type=\u00bb1_2&#8243; _builder_version=\u00bb4.16&#8243; background_color=\u00bb#becedb\u00bb custom_padding=\u00bb50px|6%|150px|6%\u00bb custom_padding_tablet=\u00bb\u00bb custom_padding_phone=\u00bb50px||50px||true\u00bb custom_padding_last_edited=\u00bbon|phone\u00bb global_colors_info=\u00bb{}\u00bb padding_phone=\u00bb50px||50px||true\u00bb padding_last_edited=\u00bbon|phone\u00bb custom_padding__hover=\u00bb|||\u00bb][et_pb_cta title=\u00bbCONSULTAS EN DERMATOLOG\u00cdA\u00bb button_url=\u00bbtel:\/\/9991265871&#8243; _builder_version=\u00bb4.24.0&#8243; header_level=\u00bbh3&#8243; header_font=\u00bbLato|700|||||||\u00bb header_line_height=\u00bb1.5em\u00bb body_font=\u00bbLato||||||||\u00bb body_line_height=\u00bb1.8em\u00bb use_background_color=\u00bboff\u00bb custom_button=\u00bbon\u00bb button_text_size=\u00bb17px\u00bb button_text_color=\u00bb#ffffff\u00bb button_bg_color=\u00bb#0c71c3&#8243; button_border_width=\u00bb11px\u00bb button_border_color=\u00bb#0c71c3&#8243; button_border_radius=\u00bb11px\u00bb button_letter_spacing=\u00bb1px\u00bb button_font=\u00bbLato|700|||||||\u00bb button_icon=\u00bb&#xe090;||divi||400&#8243; button_icon_placement=\u00bbleft\u00bb button_on_hover=\u00bboff\u00bb button_alignment=\u00bbcenter\u00bb text_orientation=\u00bbleft\u00bb background_layout=\u00bblight\u00bb animation_style=\u00bbslide\u00bb animation_direction=\u00bbbottom\u00bb animation_delay=\u00bb100ms\u00bb animation_intensity_slide=\u00bb5%\u00bb button_letter_spacing_hover=\u00bb1px\u00bb locked=\u00bboff\u00bb global_colors_info=\u00bb{}\u00bb button_text_size__hover_enabled=\u00bboff\u00bb button_one_text_size__hover_enabled=\u00bboff\u00bb button_two_text_size__hover_enabled=\u00bboff\u00bb button_text_color__hover_enabled=\u00bboff\u00bb button_one_text_color__hover_enabled=\u00bboff\u00bb button_two_text_color__hover_enabled=\u00bboff\u00bb button_border_width__hover_enabled=\u00bboff\u00bb button_one_border_width__hover_enabled=\u00bboff\u00bb button_two_border_width__hover_enabled=\u00bboff\u00bb button_border_color__hover_enabled=\u00bboff\u00bb button_one_border_color__hover_enabled=\u00bboff\u00bb button_two_border_color__hover_enabled=\u00bboff\u00bb button_border_radius__hover_enabled=\u00bboff\u00bb button_one_border_radius__hover_enabled=\u00bboff\u00bb button_two_border_radius__hover_enabled=\u00bboff\u00bb button_letter_spacing__hover_enabled=\u00bbon|desktop\u00bb button_letter_spacing__hover=\u00bb1px\u00bb button_one_letter_spacing__hover_enabled=\u00bboff\u00bb button_two_letter_spacing__hover_enabled=\u00bboff\u00bb button_bg_color__hover_enabled=\u00bboff\u00bb button_one_bg_color__hover_enabled=\u00bboff\u00bb button_two_bg_color__hover_enabled=\u00bboff\u00bb]<\/p>\n<p>Atenci\u00f3n de Lunes a S\u00e1bado<\/p>\n<p>Previa cita al tel:<\/p>\n<div><\/div>\n<p>[\/et_pb_cta][et_pb_cta button_url=\u00bbtel:\/\/9999214938&#8243; button_text=\u00bb999 921 49 38&#8243; _builder_version=\u00bb4.16&#8243; header_level=\u00bbh3&#8243; header_font=\u00bbLato|700|||||||\u00bb header_line_height=\u00bb1.5em\u00bb body_font=\u00bbLato||||||||\u00bb body_line_height=\u00bb1.8em\u00bb use_background_color=\u00bboff\u00bb custom_button=\u00bbon\u00bb button_text_size=\u00bb17px\u00bb button_text_color=\u00bb#ffffff\u00bb button_bg_color=\u00bb#0c71c3&#8243; button_border_width=\u00bb12px\u00bb button_border_color=\u00bb#0c71c3&#8243; button_border_radius=\u00bb12px\u00bb button_letter_spacing=\u00bb1px\u00bb button_font=\u00bbLato|700|||||||\u00bb button_icon=\u00bb&#xe090;||divi||400&#8243; button_icon_placement=\u00bbleft\u00bb button_on_hover=\u00bboff\u00bb button_alignment=\u00bbcenter\u00bb text_orientation=\u00bbleft\u00bb background_layout=\u00bblight\u00bb custom_margin=\u00bb-17px||||false|false\u00bb custom_padding=\u00bb||||false|false\u00bb animation_style=\u00bbslide\u00bb animation_direction=\u00bbbottom\u00bb animation_delay=\u00bb100ms\u00bb animation_intensity_slide=\u00bb5%\u00bb button_letter_spacing_hover=\u00bb1px\u00bb locked=\u00bboff\u00bb global_colors_info=\u00bb{}\u00bb button_text_size__hover_enabled=\u00bboff\u00bb button_one_text_size__hover_enabled=\u00bboff\u00bb button_two_text_size__hover_enabled=\u00bboff\u00bb button_text_color__hover_enabled=\u00bboff\u00bb button_one_text_color__hover_enabled=\u00bboff\u00bb button_two_text_color__hover_enabled=\u00bboff\u00bb button_border_width__hover_enabled=\u00bboff\u00bb button_one_border_width__hover_enabled=\u00bboff\u00bb button_two_border_width__hover_enabled=\u00bboff\u00bb button_border_color__hover_enabled=\u00bboff\u00bb button_one_border_color__hover_enabled=\u00bboff\u00bb button_two_border_color__hover_enabled=\u00bboff\u00bb button_border_radius__hover_enabled=\u00bboff\u00bb button_one_border_radius__hover_enabled=\u00bboff\u00bb button_two_border_radius__hover_enabled=\u00bboff\u00bb button_letter_spacing__hover_enabled=\u00bbon\u00bb button_letter_spacing__hover=\u00bb1px\u00bb button_one_letter_spacing__hover_enabled=\u00bboff\u00bb button_two_letter_spacing__hover_enabled=\u00bboff\u00bb button_bg_color__hover_enabled=\u00bboff\u00bb button_one_bg_color__hover_enabled=\u00bboff\u00bb button_two_bg_color__hover_enabled=\u00bboff\u00bb]<\/p>\n<p>&nbsp;<\/p>\n<div><\/div>\n<p>[\/et_pb_cta][\/et_pb_column_inner][et_pb_column_inner type=\u00bb1_2&#8243; saved_specialty_column_type=\u00bb1_2&#8243; _builder_version=\u00bb4.16&#8243; background_color=\u00bb#ccd8e5&#8243; custom_padding=\u00bb50px|6%|150px|6%\u00bb global_colors_info=\u00bb{}\u00bb custom_padding__hover=\u00bb|||\u00bb][et_pb_cta button_url=\u00bbhttps:\/\/www.google.com\/maps\/dir\/\/hospital+faro+del+mayab\/data=!4m6!4m5!1m1!4e2!1m2!1m1!1s0x8f5676f67af39a39:0xe014b06323e13945?sa=X&#038;ved=2ahUKEwjf1daPlaLqAhUHQ80KHeDBAqUQ9RcwHXoECBIQEQ\u00bb url_new_window=\u00bbon\u00bb button_text=\u00bbUBICACI\u00d3N\u00bb _builder_version=\u00bb4.24.0&#8243; header_level=\u00bbh3&#8243; header_font=\u00bbLato|700|||||||\u00bb header_line_height=\u00bb1.5em\u00bb body_font=\u00bbLato||||||||\u00bb body_line_height=\u00bb1.8em\u00bb use_background_color=\u00bboff\u00bb custom_button=\u00bbon\u00bb button_text_size=\u00bb17px\u00bb button_text_color=\u00bb#ffffff\u00bb button_bg_color=\u00bb#0c71c3&#8243; button_border_width=\u00bb0px\u00bb button_border_radius=\u00bb100px\u00bb button_letter_spacing=\u00bb1px\u00bb button_font=\u00bbLato|700|||||||\u00bb button_icon=\u00bb&#x24;||divi||400&#8243; text_orientation=\u00bbleft\u00bb background_layout=\u00bblight\u00bb custom_padding_tablet=\u00bb|30px||30px||true\u00bb custom_padding_last_edited=\u00bboff|desktop\u00bb animation_style=\u00bbslide\u00bb animation_direction=\u00bbbottom\u00bb animation_delay=\u00bb100ms\u00bb animation_intensity_slide=\u00bb5%\u00bb link_option_url=\u00bbhttps:\/\/www.google.com\/maps\/place\/Hospital+Faro+del+Mayab\/@21.0438136,-89.6017449,15z\/data=!4m5!3m4!1s0x0:0xe014b06323e13945!8m2!3d21.0438136!4d-89.6017449&#8243; hover_enabled=\u00bb0&#8243; button_letter_spacing_hover=\u00bb1px\u00bb global_colors_info=\u00bb{}\u00bb button_text_size__hover_enabled=\u00bboff\u00bb button_one_text_size__hover_enabled=\u00bboff\u00bb button_two_text_size__hover_enabled=\u00bboff\u00bb button_text_color__hover_enabled=\u00bboff\u00bb button_one_text_color__hover_enabled=\u00bboff\u00bb button_two_text_color__hover_enabled=\u00bboff\u00bb button_border_width__hover_enabled=\u00bboff\u00bb button_one_border_width__hover_enabled=\u00bboff\u00bb button_two_border_width__hover_enabled=\u00bboff\u00bb button_border_color__hover_enabled=\u00bboff\u00bb button_one_border_color__hover_enabled=\u00bboff\u00bb button_two_border_color__hover_enabled=\u00bboff\u00bb button_border_radius__hover_enabled=\u00bboff\u00bb button_one_border_radius__hover_enabled=\u00bboff\u00bb button_two_border_radius__hover_enabled=\u00bboff\u00bb button_letter_spacing__hover_enabled=\u00bbon\u00bb button_letter_spacing__hover=\u00bb1px\u00bb button_one_letter_spacing__hover_enabled=\u00bboff\u00bb button_two_letter_spacing__hover_enabled=\u00bboff\u00bb button_bg_color__hover_enabled=\u00bboff\u00bb button_one_bg_color__hover_enabled=\u00bboff\u00bb button_two_bg_color__hover_enabled=\u00bboff\u00bb sticky_enabled=\u00bb0&#8243;]<\/p>\n<h4 class=\"et_pb_module_header\"><a href=\"https:\/\/www.google.com\/maps\/dir\/21.0115666,-89.5831461\/faro+del+mayab\/@21.0283143,-89.6061306,14z\/data=!3m1!4b1!4m9!4m8!1m1!4e1!1m5!1m1!1s0x8f5676f67af39a39:0xe014b06323e13945!2m2!1d-89.6017449!2d21.0438136\">Consultorio 606 del Hospital Faro del Mayab<\/a><\/h4>\n<div class=\"et_pb_blurb_description\">\n<p><span class=\"w8qArf\"><span>\u00a0<\/span><\/span><span class=\"LrzXr\">Calle 24 s\/n x 7 y 7A Santa Gertrudis, Cop\u00f3, 97115 M\u00e9rida, Yuc.<\/span><\/p>\n<\/div>\n<p>[\/et_pb_cta][et_pb_social_media_follow follow_button=\u00bbon\u00bb _builder_version=\u00bb4.16&#8243; custom_margin=\u00bb17px||||false|false\u00bb global_colors_info=\u00bb{}\u00bb][et_pb_social_media_follow_network social_network=\u00bbfacebook\u00bb url=\u00bbhttps:\/\/www.facebook.com\/Dra-Lourdes-Espinosa-Alonzo-Romero-907745432614712\/\u00bb _builder_version=\u00bb4.16&#8243; background_color=\u00bb#3b5998&#8243; global_colors_info=\u00bb{}\u00bb follow_button=\u00bbon\u00bb url_new_window=\u00bbon\u00bb]facebook[\/et_pb_social_media_follow_network][\/et_pb_social_media_follow][\/et_pb_column_inner][\/et_pb_row_inner][\/et_pb_column][\/et_pb_section][et_pb_section fb_built=\u00bb1&#8243; module_id=\u00bbservicios\u00bb _builder_version=\u00bb4.16&#8243; background_color=\u00bb#000000&#8243; global_colors_info=\u00bb{}\u00bb][et_pb_row _builder_version=\u00bb4.16&#8243; global_colors_info=\u00bb{}\u00bb][et_pb_column type=\u00bb4_4&#8243; _builder_version=\u00bb4.16&#8243; global_colors_info=\u00bb{}\u00bb][et_pb_text admin_label=\u00bbTittle\u00bb _builder_version=\u00bb4.16&#8243; text_font=\u00bbNunito||||||||\u00bb text_line_height=\u00bb1.8em\u00bb header_font=\u00bb||||||||\u00bb header_2_font=\u00bbOswald|||on|||||\u00bb header_2_text_align=\u00bbcenter\u00bb header_2_font_size=\u00bb40px\u00bb header_2_letter_spacing=\u00bb1px\u00bb header_2_line_height=\u00bb1.5em\u00bb header_3_font=\u00bb||||||||\u00bb background_layout=\u00bbdark\u00bb max_width=\u00bb600px\u00bb max_width_last_edited=\u00bboff|desktop\u00bb module_alignment=\u00bbcenter\u00bb custom_margin=\u00bb|||\u00bb global_colors_info=\u00bb{}\u00bb]<\/p>\n<h2><id=\"servicios\"><span>Nuestros servicios<\/span><\/h2>\n<p>[\/et_pb_text][\/et_pb_column][\/et_pb_row][\/et_pb_section][et_pb_section fb_built=\u00bb1&#8243; admin_label=\u00bbCoffee Menu\u00bb _builder_version=\u00bb4.16&#8243; background_color=\u00bbrgba(255,255,255,0.52)\u00bb background_image=\u00bbhttps:\/\/dermatologosenmerida.com\/wp-content\/uploads\/2020\/05\/texture-2100024_1920.jpg\u00bb parallax=\u00bbon\u00bb parallax_method=\u00bboff\u00bb custom_padding=\u00bb0px||100px||false|false\u00bb animation_style=\u00bbzoom\u00bb scroll_vertical_motion_enable=\u00bboff\u00bb scroll_fade_enable=\u00bbon\u00bb motion_trigger_start=\u00bbtop\u00bb border_radii=\u00bbon|15px|15px|15px|15px\u00bb global_colors_info=\u00bb{}\u00bb][et_pb_row column_structure=\u00bb3_5,2_5&#8243; admin_label=\u00bbCTA Button\u00bb _builder_version=\u00bb4.16&#8243; background_color=\u00bbrgba(255,255,255,0.77)\u00bb custom_margin=\u00bb|||\u00bb custom_padding=\u00bb|||\u00bb border_radii=\u00bbon|10px|10px|10px|10px\u00bb global_colors_info=\u00bb{}\u00bb][et_pb_column type=\u00bb3_5&#8243; _builder_version=\u00bb4.16&#8243; custom_padding=\u00bb|||\u00bb global_colors_info=\u00bb{}\u00bb custom_padding__hover=\u00bb|||\u00bb][et_pb_blurb title=\u00bbLa dermatolog\u00eda\u00bb image_icon_width=\u00bb280px\u00bb admin_label=\u00bbcoffee Item\u00bb _builder_version=\u00bb4.16&#8243; header_font=\u00bbOswald|||on|\u00bb header_text_align=\u00bbcenter\u00bb header_font_size=\u00bb20px\u00bb header_letter_spacing=\u00bb1px\u00bb header_line_height=\u00bb1.7em\u00bb body_font=\u00bbNunito||||\u00bb body_text_align=\u00bbcenter\u00bb body_line_height=\u00bb1.8em\u00bb background_color=\u00bbrgba(0,0,0,0)\u00bb text_orientation=\u00bbcenter\u00bb custom_padding_tablet=\u00bb\u00bb custom_padding_phone=\u00bb|11px||13px|false|false\u00bb custom_padding_last_edited=\u00bbon|phone\u00bb animation=\u00bbright\u00bb image_max_width=\u00bb280px\u00bb global_colors_info=\u00bb{}\u00bb][\/et_pb_blurb][et_pb_text _builder_version=\u00bb4.16&#8243; custom_padding=\u00bb|||21px|false|false\u00bb global_colors_info=\u00bb{}\u00bb]<\/p>\n<p>La rama de la Medicina, especializada en piel, pelo y u\u00f1as, de ni\u00f1os y adultos.<\/p>\n<p>[\/et_pb_text][et_pb_text _builder_version=\u00bb4.16&#8243; custom_padding=\u00bb0px|15px||15px|false|false\u00bb global_colors_info=\u00bb{}\u00bb]<\/p>\n<p style=\"text-align: justify;\"><span>Fomentamos el cuidado de la piel, prevenci\u00f3n de fotoda\u00f1o, as\u00ed como diagn\u00f3stico de c\u00e1ncer de piel, tratamiento para m\u00faltiples enfermedades que afectan al \u00f3rgano m\u00e1s grande de nuestro cuerpo, que es la piel y sus anexos (pelo, u\u00f1as, gl\u00e1ndulas productoras de sudor y grasa).<\/span><\/p>\n<p>[\/et_pb_text][et_pb_image src=\u00bbhttps:\/\/dermatologosenmerida.com\/wp-content\/uploads\/2020\/05\/quirurgica.jpg\u00bb title_text=\u00bbSkin Examination Of Moles\u00bb align=\u00bbcenter\u00bb _builder_version=\u00bb4.16&#8243; custom_padding=\u00bb|||19px|false|false\u00bb border_radii=\u00bbon|10px|10px|10px|10px\u00bb global_colors_info=\u00bb{}\u00bb][\/et_pb_image][\/et_pb_column][et_pb_column type=\u00bb2_5&#8243; _builder_version=\u00bb4.16&#8243; custom_padding=\u00bb|||\u00bb global_colors_info=\u00bb{}\u00bb custom_padding__hover=\u00bb|||\u00bb][et_pb_image src=\u00bbhttps:\/\/dermatologosenmerida.com\/wp-content\/uploads\/2020\/06\/dermatology.png\u00bb title_text=\u00bbdermatology\u00bb _builder_version=\u00bb4.16&#8243; global_colors_info=\u00bb{}\u00bb][\/et_pb_image][et_pb_text _builder_version=\u00bb4.16&#8243; custom_padding=\u00bb0px|15px||15px|false|false\u00bb global_colors_info=\u00bb{}\u00bb]<\/p>\n<p style=\"text-align: justify;\">La piel es, muchas veces, el primer \u00f3rgano donde se manifiestan enfermedades que afectan a otros \u00f3rganos, siendo su diagn\u00f3stico temprano, de vital importancia para la buena evoluci\u00f3n del paciente.<\/p>\n<p style=\"text-align: justify;\">Yucat\u00e1n es un estado con clima tropical, propicio para el desarrollo de enfermedades end\u00e9micas denominadas enfermedades tropicales, un diagn\u00f3stico certero hace la diferencia en la calidad de vida del paciente.<\/p>\n<p>[\/et_pb_text][\/et_pb_column][\/et_pb_row][\/et_pb_section]<\/p>\n","protected":false},"excerpt":{"rendered":"<p>Dra. Lourdes Espinosa Alonzo RomeroDermatolog\u00eda cl\u00ednica Cofepris: 431012002A00019Atenci\u00f3n de Lunes a S\u00e1bado Previa cita al tel: &nbsp; Consultorio 606 del Hospital Faro del Mayab \u00a0Calle 24 s\/n x 7 y 7A Santa Gertrudis, Cop\u00f3, 97115 M\u00e9rida, Yuc. Nuestros serviciosLa rama de la Medicina, especializada en piel, pelo y u\u00f1as, de ni\u00f1os y adultos.Fomentamos el cuidado [&hellip;]<\/p>\n","protected":false},"author":1,"featured_media":0,"parent":0,"menu_order":0,"comment_status":"closed","ping_status":"closed","template":"","meta":{"_et_pb_use_builder":"on","_et_pb_old_content":"","_et_gb_content_width":"","footnotes":""},"_links":{"self":[{"href":"https:\/\/dermatologosenmerida.com\/index.php?rest_route=\/wp\/v2\/pages\/9"}],"collection":[{"href":"https:\/\/dermatologosenmerida.com\/index.php?rest_route=\/wp\/v2\/pages"}],"about":[{"href":"https:\/\/dermatologosenmerida.com\/index.php?rest_route=\/wp\/v2\/types\/page"}],"author":[{"embeddable":true,"href":"https:\/\/dermatologosenmerida.com\/index.php?rest_route=\/wp\/v2\/users\/1"}],"replies":[{"embeddable":true,"href":"https:\/\/dermatologosenmerida.com\/index.php?rest_route=%2Fwp%2Fv2%2Fcomments&post=9"}],"version-history":[{"count":80,"href":"https:\/\/dermatologosenmerida.com\/index.php?rest_route=\/wp\/v2\/pages\/9\/revisions"}],"predecessor-version":[{"id":388,"href":"https:\/\/dermatologosenmerida.com\/index.php?rest_route=\/wp\/v2\/pages\/9\/revisions\/388"}],"wp:attachment":[{"href":"https:\/\/dermatologosenmerida.com\/index.php?rest_route=%2Fwp%2Fv2%2Fmedia&parent=9"}],"curies":[{"name":"wp","href":"https:\/\/api.w.org\/{rel}","templated":true}]}}