{"id":277,"date":"2020-06-06T17:03:17","date_gmt":"2020-06-06T17:03:17","guid":{"rendered":"https:\/\/dermatologosenmerida.com\/?page_id=277"},"modified":"2024-02-15T18:02:46","modified_gmt":"2024-02-15T18:02:46","slug":"investigaciones","status":"publish","type":"page","link":"https:\/\/dermatologosenmerida.com\/?page_id=277","title":{"rendered":"Investigaciones"},"content":{"rendered":"<p>[et_pb_section fb_built=\u00bb1&#8243; make_equal=\u00bbon\u00bb use_custom_gutter=\u00bbon\u00bb gutter_width=\u00bb1&#8243; specialty=\u00bbon\u00bb next_background_color=\u00bb#000000&#8243; parallax_1=\u00bbon\u00bb bg_img_1=\u00bbhttps:\/\/dermatologosenmerida.com\/wp-content\/uploads\/2020\/06\/descarga.jpg\u00bb background_size_1=\u00bbcover\u00bb admin_label=\u00bbHero\u00bb _builder_version=\u00bb4.4.8&#8243; inner_width=\u00bb100%\u00bb inner_max_width=\u00bb100%\u00bb custom_padding=\u00bb0px||0px||false\u00bb bottom_divider_style=\u00bbslant\u00bb bottom_divider_flip=\u00bbhorizontal\u00bb bottom_divider_arrangement=\u00bbabove_content\u00bb use_custom_width=\u00bbon\u00bb width_unit=\u00bboff\u00bb custom_width_percent=\u00bb100%\u00bb locked=\u00bboff\u00bb][et_pb_column type=\u00bb1_2&#8243; _builder_version=\u00bb3.25&#8243; custom_padding=\u00bb|||\u00bb custom_padding__hover=\u00bb|||\u00bb][et_pb_divider show_divider=\u00bboff\u00bb _builder_version=\u00bb4.4.8&#8243; height=\u00bb300px\u00bb][\/et_pb_divider][\/et_pb_column][et_pb_column type=\u00bb1_2&#8243; specialty_columns=\u00bb2&#8243; _builder_version=\u00bb3.25&#8243; custom_padding=\u00bb|||\u00bb custom_padding__hover=\u00bb|||\u00bb][et_pb_row_inner admin_label=\u00bbText\u00bb _builder_version=\u00bb3.25&#8243; custom_padding=\u00bb|6%||6%||true\u00bb locked=\u00bboff\u00bb][et_pb_column_inner saved_specialty_column_type=\u00bb1_2&#8243; _builder_version=\u00bb3.25&#8243; custom_padding=\u00bb|||\u00bb custom_padding__hover=\u00bb|||\u00bb][et_pb_text admin_label=\u00bbTittle\u00bb _builder_version=\u00bb4.4.8&#8243; header_2_font=\u00bbOswald|||on|||||\u00bb header_2_text_align=\u00bbcenter\u00bb header_2_font_size=\u00bb40px\u00bb header_2_letter_spacing=\u00bb2px\u00bb header_2_line_height=\u00bb1.5em\u00bb max_width=\u00bb600px\u00bb module_alignment=\u00bbcenter\u00bb]<\/p>\n<h2>Actividades como investigador<\/h2>\n<p>[\/et_pb_text][et_pb_blurb title=\u00bbPublicaciones m\u00e9dicas\u00bb use_icon=\u00bbon\u00bb font_icon=\u00bb%%45%%\u00bb icon_placement=\u00bbleft\u00bb _builder_version=\u00bb4.4.8&#8243;]<\/p>\n<p>Primer autor: \u201cReacci\u00f3n leprosa tipo 1 (reversa)\u201d. Dermatolog\u00eda revista mexicana, 2015; 59: 54-61<\/p>\n<p>[\/et_pb_blurb][et_pb_blurb title=\u00bbCoautor\u00bb use_icon=\u00bbon\u00bb font_icon=\u00bb%%45%%\u00bb icon_placement=\u00bbleft\u00bb _builder_version=\u00bb4.4.8&#8243;]<\/p>\n<ul>\n<li>\u201cDelirio de parasitosis. Presentaci\u00f3n de un caso y revisi\u00f3n del tema\u201d. Dermatolog\u00eda revista mexicana, 2008; 52: 263-67<\/li>\n<li>\u201cParacoccidioidomicosis en el Centro Dermatol\u00f3gico Pascua\u201d. Dermatolog\u00eda revista mexicana, 2009; 53: 7-11.<\/li>\n<li>\u201cHamartoma angiomatoso ecrino. Comunicaci\u00f3n de tres casos\u201d.\u00a0 Dermatolog\u00eda revista mexicana, 2010;54:25-29<\/li>\n<li>\u201cEnfermedad de Paget extramamaria. Comunicaci\u00f3n de un caso y revisi\u00f3n del tema\u201d. Revista del Centro Dermatol\u00f3gico Pascua 2013; 22<\/li>\n<li>\u201cNevo poroqueratosico\u201d. Dermatolog\u00eda revista mexicana, 2014; 58:274 \u2013 277<\/li>\n<\/ul>\n<p>[\/et_pb_blurb][et_pb_blurb title=\u00bbTrabajos de Investigaci\u00f3n\u00bb use_icon=\u00bbon\u00bb font_icon=\u00bb%%45%%\u00bb icon_placement=\u00bbleft\u00bb _builder_version=\u00bb4.4.8&#8243; custom_padding=\u00bb||53px||false|false\u00bb]<\/p>\n<ul>\n<li>2008 Paracoccidioidomicosis en el Centro Dermatol\u00f3gico Pascua. Un an\u00e1lisis retrospectivo de los casos estudiados en el servicio de micolog\u00eda de 1956 a 2006.<\/li>\n<li>2015 Dermatitis por contacto en poblaci\u00f3n pedi\u00e1trica, adultos j\u00f3venes y adultos mayores. Un estudio comparativo en el Centro Dermatol\u00f3gico \u00abDr. Ladislao de la Pascua\u00bb<\/li>\n<\/ul>\n<p>[\/et_pb_blurb][\/et_pb_column_inner][\/et_pb_row_inner][\/et_pb_column][\/et_pb_section]<\/p>\n","protected":false},"excerpt":{"rendered":"<p>Actividades como investigadorPrimer autor: \u201cReacci\u00f3n leprosa tipo 1 (reversa)\u201d. Dermatolog\u00eda revista mexicana, 2015; 59: 54-61 \u201cDelirio de parasitosis. Presentaci\u00f3n de un caso y revisi\u00f3n del tema\u201d. Dermatolog\u00eda revista mexicana, 2008; 52: 263-67 \u201cParacoccidioidomicosis en el Centro Dermatol\u00f3gico Pascua\u201d. Dermatolog\u00eda revista mexicana, 2009; 53: 7-11. \u201cHamartoma angiomatoso ecrino. Comunicaci\u00f3n de tres casos\u201d.\u00a0 Dermatolog\u00eda revista mexicana, 2010;54:25-29 [&hellip;]<\/p>\n","protected":false},"author":1,"featured_media":0,"parent":0,"menu_order":0,"comment_status":"closed","ping_status":"closed","template":"","meta":{"_et_pb_use_builder":"on","_et_pb_old_content":"","_et_gb_content_width":"","footnotes":""},"_links":{"self":[{"href":"https:\/\/dermatologosenmerida.com\/index.php?rest_route=\/wp\/v2\/pages\/277"}],"collection":[{"href":"https:\/\/dermatologosenmerida.com\/index.php?rest_route=\/wp\/v2\/pages"}],"about":[{"href":"https:\/\/dermatologosenmerida.com\/index.php?rest_route=\/wp\/v2\/types\/page"}],"author":[{"embeddable":true,"href":"https:\/\/dermatologosenmerida.com\/index.php?rest_route=\/wp\/v2\/users\/1"}],"replies":[{"embeddable":true,"href":"https:\/\/dermatologosenmerida.com\/index.php?rest_route=%2Fwp%2Fv2%2Fcomments&post=277"}],"version-history":[{"count":12,"href":"https:\/\/dermatologosenmerida.com\/index.php?rest_route=\/wp\/v2\/pages\/277\/revisions"}],"predecessor-version":[{"id":364,"href":"https:\/\/dermatologosenmerida.com\/index.php?rest_route=\/wp\/v2\/pages\/277\/revisions\/364"}],"wp:attachment":[{"href":"https:\/\/dermatologosenmerida.com\/index.php?rest_route=%2Fwp%2Fv2%2Fmedia&parent=277"}],"curies":[{"name":"wp","href":"https:\/\/api.w.org\/{rel}","templated":true}]}}